{"id":1879,"date":"2014-06-24T05:40:45","date_gmt":"2014-06-24T11:40:45","guid":{"rendered":"http:\/\/www.chopstick.be\/vzw\/?page_id=1879"},"modified":"2022-05-03T08:19:23","modified_gmt":"2022-05-03T06:19:23","slug":"yelemani-trio","status":"publish","type":"page","link":"https:\/\/www.chopstick.be\/vzw\/nl\/yelemani-trio\/","title":{"rendered":"Yelemani Trio"},"content":{"rendered":"<p><style id=\"bwg-style-0\">  #bwg_container1_0 {    display: table;\t\/*visibility: hidden;*\/  }  #bwg_container1_0 * {\t  -moz-user-select: none;\t  -khtml-user-select: none;\t  -webkit-user-select: none;\t  -ms-user-select: none;\t  user-select: none;  }  #bwg_container1_0 #bwg_container2_0 .bwg_slideshow_image_wrap_0 {\t  background-color: #F2F2F2;\t  width: 600px;\t  height: 400px;  }  #bwg_container1_0 #bwg_container2_0 .bwg_slideshow_image_0 {\t  max-width: 600px;\t  max-height: 400px;  }  #bwg_container1_0 #bwg_container2_0 .bwg_slideshow_embed_0 {    width: 600px;    height: 400px;  }  #bwg_container1_0 #bwg_container2_0 #bwg_slideshow_play_pause_0 {\t  background: transparent url(\"https:\/\/www.chopstick.be\/vzw\/wp-content\/plugins\/photo-gallery\/images\/blank.gif\") repeat scroll 0 0;  }  #bwg_container1_0 #bwg_container2_0 #bwg_slideshow_play_pause-ico_0 {    color: #D6D6D6;    font-size: 35px;  }  #bwg_container1_0 #bwg_container2_0 #bwg_slideshow_play_pause-ico_0:hover {\t  color: #BABABA;  }  #bwg_container1_0 #bwg_container2_0 #spider_slideshow_left_0,  #bwg_container1_0 #bwg_container2_0 #spider_slideshow_right_0 {\t  background: transparent url(\"https:\/\/www.chopstick.be\/vzw\/wp-content\/plugins\/photo-gallery\/images\/blank.gif\") repeat scroll 0 0;  }  #bwg_container1_0 #bwg_container2_0 #spider_slideshow_left-ico_0,  #bwg_container1_0 #bwg_container2_0 #spider_slideshow_right-ico_0 {\t  background-color: #FFFFFF;\t  border-radius: 20px;\t  border: 0px none #FFFFFF;\t  box-shadow: ;\t  color: #D6D6D6;\t  height: 37px;\t  font-size: 12px;\t  width: 37px;\t  opacity: 1.00;  }  #bwg_container1_0 #bwg_container2_0 #spider_slideshow_left-ico_0:hover,  #bwg_container1_0 #bwg_container2_0 #spider_slideshow_right-ico_0:hover {\t  color: #BABABA;  }      #spider_slideshow_left-ico_0{      left: -9999px;    }    #spider_slideshow_right-ico_0{      left: -9999px;    }      #bwg_container1_0 #bwg_container2_0 .bwg_slideshow_image_container_0 {\t  bottom: 0px;\t  width: 600px;\t  height: 400px;\t}\t#bwg_container1_0 #bwg_container2_0 .bwg_slideshow_filmstrip_container_0 {\t  display: table;\t  height: 0px;\t  width: 600px;\t  bottom: 0;  }  \/* Filmstrip dimension *\/  #bwg_container1_0 #bwg_container2_0 .bwg_slideshow_filmstrip_0 {\t  left: 20px;\t  width: 560px;\t  \/*z-index: 10106;*\/  }  #bwg_container1_0 #bwg_container2_0 .bwg_slideshow_filmstrip_thumbnails_0 {    left: 0px;    width: 16px;    height: 0px;  }  #bwg_container1_0 #bwg_container2_0 .bwg_slideshow_filmstrip_thumbnail_0 {    width: 0px;    height: 0px;    margin: 0px 2px 0 0 ;    border: 0px none #000000;    border-radius: 0;  }  #bwg_container1_0 #bwg_container2_0 .bwg_slideshow_thumb_active_0 {\t  border: 0px solid #FFFFFF;  }  #bwg_container1_0 #bwg_container2_0 .bwg_slideshow_thumb_deactive_0 {    opacity: 1.00;  }  #bwg_container1_0 #bwg_container2_0 .bwg_slideshow_filmstrip_left_0,  #bwg_container1_0 #bwg_container2_0 .bwg_slideshow_filmstrip_left_disabled_0 {\t  background-color: #F2F2F2;\t  display: table-cell;\t  width: 20px;\t  left: 0;\t  \t    }  #bwg_container1_0 #bwg_container2_0 .bwg_slideshow_filmstrip_right_0,  #bwg_container1_0 #bwg_container2_0 .bwg_slideshow_filmstrip_right_disabled_0 {\t  background-color: #F2F2F2;    display: table-cell;    right: 0;\t  width: 20px;\t  \t    }  #bwg_container1_0 #bwg_container2_0 .bwg_slideshow_filmstrip_left_0 i,  #bwg_container1_0 #bwg_container2_0 .bwg_slideshow_filmstrip_right_0 i,  #bwg_container1_0 #bwg_container2_0 .bwg_slideshow_filmstrip_left_disabled_0 i,  #bwg_container1_0 #bwg_container2_0 .bwg_slideshow_filmstrip_right_disabled_0 i {\t  color: #BABABA;\t  font-size: 20px;  }  #bwg_container1_0 #bwg_container2_0 .bwg_slideshow_filmstrip_left_0 {    display: none;  }  #bwg_container1_0 #bwg_container2_0 .bwg_slideshow_filmstrip_left_disabled_0,  #bwg_container1_0 #bwg_container2_0 .bwg_slideshow_filmstrip_right_disabled_0 {    display: none;    opacity: 0.3;  }  #bwg_container1_0 #bwg_container2_0 .bwg_slideshow_filmstrip_left_disabled_0 {    display: table-cell;  }  #bwg_container1_0 #bwg_container2_0 .bwg_slideshow_watermark_spun_0 {\t  text-align: left;\t  vertical-align: bottom;  }  #bwg_container1_0 #bwg_container2_0 .bwg_slideshow_title_spun_0 {\t  text-align: right;\t  vertical-align: top;  }  #bwg_container1_0 #bwg_container2_0 .bwg_slideshow_description_spun_0 {\t  text-align: right;\t  vertical-align: bottom;  }  #bwg_container1_0 #bwg_container2_0 .bwg_slideshow_watermark_image_0 {\t  max-height: 90px;\t  max-width: 90px;\t  opacity: 0.30;  }  #bwg_container1_0 #bwg_container2_0 .bwg_slideshow_watermark_text_0,  #bwg_container1_0 #bwg_container2_0 .bwg_slideshow_watermark_text_0:hover {\t  text-decoration: none;\t  margin: 4px;\t  position: relative;\t  z-index: 15;  }  #bwg_container1_0 #bwg_container2_0 .bwg_slideshow_title_text_0 {\t  font-size: 16px;\t  font-family: Ubuntu;\t  color: #FFFFFF !important;\t  opacity: 0.70;    border-radius: 5px;\t  background-color: #000000;\t  padding: 0 0 0 0;\t  \t\tmargin: 5px;\t  \t    }  #bwg_container1_0 #bwg_container2_0 .bwg_slideshow_description_text_0 {\t  font-size: 14px;\t  font-family: Ubuntu;\t  color: #FFFFFF !important;\t  opacity: 0.70;    border-radius: 0;\t  background-color: #000000;\t  padding: 5px 10px 5px 10px;\t  bottom:16px;  }  #bwg_container1_0 #bwg_container2_0 .bwg_slideshow_description_text_0 * {\ttext-decoration: none;\tcolor: #FFFFFF !important;  }  #bwg_container1_0 #bwg_container2_0 .bwg_slideshow_dots_0 {\t  width: 12px;\t  height: 12px;\t  border-radius: 5px;\t  background: #F2D22E;\t  margin: 3px;  }  #bwg_container1_0 #bwg_container2_0 .bwg_slideshow_dots_container_0 {\t  width: 600px;\t  bottom: 0;  }  #bwg_container1_0 #bwg_container2_0 .bwg_slideshow_dots_thumbnails_0 {\t  height: 18px;\t  width: 144px;  }  #bwg_container1_0 #bwg_container2_0 .bwg_slideshow_dots_active_0 {\t  background: #FFFFFF;\t  border: 1px solid #000000;  }  <\/style>    <div id=\"bwg_container1_0\"         class=\"bwg_container bwg_thumbnail bwg_slideshow \"         data-right-click-protection=\"0\"         data-bwg=\"0\"         data-scroll=\"0\"         data-gallery-type=\"slideshow\"         data-gallery-view-type=\"slideshow\"         data-current-url=\"\/vzw\/nl\/wp-json\/wp\/v2\/pages\/1879\"         data-lightbox-url=\"https:\/\/www.chopstick.be\/vzw\/wp-admin\/admin-ajax.php?action=GalleryBox&#038;current_view=0&#038;gallery_id=2&#038;tag=0&#038;theme_id=1&#038;shortcode_id=25&#038;sort_by=order&#038;order_by=asc&#038;current_url=%2Fvzw%2Fnl%2Fwp-json%2Fwp%2Fv2%2Fpages%2F1879\"         data-gallery-id=\"2\"         data-popup-width=\"800\"         data-popup-height=\"500\"         data-is-album=\"gallery\"         data-buttons-position=\"bottom\">      <div id=\"bwg_container2_0\">             <div id=\"ajax_loading_0\" class=\"bwg_loading_div_1\">      <div class=\"bwg_loading_div_2\">        <div class=\"bwg_loading_div_3\">          <div id=\"loading_div_0\" class=\"bwg_spider_ajax_loading\">          <\/div>        <\/div>      <\/div>    <\/div>            <form id=\"gal_front_form_0\"              class=\"bwg-hidden\"              method=\"post\"              action=\"#\"              data-current=\"0\"              data-shortcode-id=\"25\"              data-gallery-type=\"slideshow\"              data-gallery-id=\"2\"              data-tag=\"0\"              data-album-id=\"0\"              data-theme-id=\"1\"              data-ajax-url=\"https:\/\/www.chopstick.be\/vzw\/wp-admin\/admin-ajax.php?action=bwg_frontend_data\">          <div id=\"bwg_container3_0\" class=\"bwg-background bwg-background-0\">              <div class=\"bwg_slideshow_image_wrap_0 bwg-slideshow-images-wrapper bwg-container\"       data-bwg=\"0\"       data-lightbox-url=\"https:\/\/www.chopstick.be\/vzw\/wp-admin\/admin-ajax.php?action=GalleryBox&#038;current_view=0&#038;gallery_id=2&#038;tag=0&#038;theme_id=1&#038;shortcode_id=25&#038;sort_by=order&#038;order_by=asc&#038;current_url=%2Fvzw%2Fnl%2Fwp-json%2Fwp%2Fv2%2Fpages%2F1879\">          <div class=\"bwg_slideshow_dots_container_0\">        <div class=\"bwg_slideshow_dots_thumbnails_0\">                      <span id=\"bwg_dots_0_0\" class=\"bwg_slideshow_dots_0 bwg_slideshow_dots_active_0\" onclick=\"bwg_change_image(parseInt(jQuery('#bwg_current_image_key_0').val()), '0', '', '', 0)\" image_id=\"57\" image_key=\"0\"><\/span>                        <span id=\"bwg_dots_1_0\" class=\"bwg_slideshow_dots_0 bwg_slideshow_dots_deactive_0\" onclick=\"bwg_change_image(parseInt(jQuery('#bwg_current_image_key_0').val()), '1', '', '', 0)\" image_id=\"60\" image_key=\"1\"><\/span>                        <span id=\"bwg_dots_2_0\" class=\"bwg_slideshow_dots_0 bwg_slideshow_dots_deactive_0\" onclick=\"bwg_change_image(parseInt(jQuery('#bwg_current_image_key_0').val()), '2', '', '', 0)\" image_id=\"59\" image_key=\"2\"><\/span>                        <span id=\"bwg_dots_3_0\" class=\"bwg_slideshow_dots_0 bwg_slideshow_dots_deactive_0\" onclick=\"bwg_change_image(parseInt(jQuery('#bwg_current_image_key_0').val()), '3', '', '', 0)\" image_id=\"54\" image_key=\"3\"><\/span>                        <span id=\"bwg_dots_4_0\" class=\"bwg_slideshow_dots_0 bwg_slideshow_dots_deactive_0\" onclick=\"bwg_change_image(parseInt(jQuery('#bwg_current_image_key_0').val()), '4', '', '', 0)\" image_id=\"58\" image_key=\"4\"><\/span>                        <span id=\"bwg_dots_5_0\" class=\"bwg_slideshow_dots_0 bwg_slideshow_dots_deactive_0\" onclick=\"bwg_change_image(parseInt(jQuery('#bwg_current_image_key_0').val()), '5', '', '', 0)\" image_id=\"55\" image_key=\"5\"><\/span>                        <span id=\"bwg_dots_6_0\" class=\"bwg_slideshow_dots_0 bwg_slideshow_dots_deactive_0\" onclick=\"bwg_change_image(parseInt(jQuery('#bwg_current_image_key_0').val()), '6', '', '', 0)\" image_id=\"56\" image_key=\"6\"><\/span>                        <span id=\"bwg_dots_7_0\" class=\"bwg_slideshow_dots_0 bwg_slideshow_dots_deactive_0\" onclick=\"bwg_change_image(parseInt(jQuery('#bwg_current_image_key_0').val()), '7', '', '', 0)\" image_id=\"61\" image_key=\"7\"><\/span>                    <\/div>      <\/div>          <div id=\"bwg_slideshow_image_container_0\"         class=\"bwg_slideshow_image_container_0\"         data-params='{&quot;bwg_source&quot;:&quot;slider&quot;,&quot;bwg_current_key&quot;:&quot;&quot;,&quot;bwg_transition_duration&quot;:500,&quot;bwg_trans_in_progress&quot;:false,&quot;data&quot;:[{&quot;id&quot;:&quot;57&quot;,&quot;alt&quot;:&quot;NQ4A0249&quot;,&quot;description&quot;:&quot;Aperture: 3.2&amp;lt;br \\\/&amp;gt;Camera: Canon EOS 5D Mark III&amp;lt;br \\\/&amp;gt;Iso: 800&amp;lt;br \\\/&amp;gt;Orientation: 1&amp;lt;br \\\/&amp;gt;&quot;,&quot;filetype&quot;:&quot;jpg&quot;,&quot;filename&quot;:&quot;NQ4A0249&quot;,&quot;image_url&quot;:&quot;\\\/imported_from_media_libray\\\/NQ4A0249.jpg?bwg=1647080819&quot;,&quot;thumb_url&quot;:&quot;\\\/imported_from_media_libray\\\/thumb\\\/NQ4A0249.jpg?bwg=1647080819&quot;,&quot;redirect_url&quot;:&quot;&quot;,&quot;date&quot;:&quot;2022-03-12 10:26:35&quot;,&quot;is_embed&quot;:false,&quot;is_embed_video&quot;:false,&quot;image_width&quot;:&quot;1200&quot;,&quot;image_height&quot;:&quot;800&quot;,&quot;thumb_width&quot;:&quot;500&quot;,&quot;thumb_height&quot;:&quot;333&quot;},{&quot;id&quot;:&quot;60&quot;,&quot;alt&quot;:&quot;Y3Wassa1&quot;,&quot;description&quot;:&quot;Aperture: 4&amp;lt;br \\\/&amp;gt;Camera: Canon EOS 90D&amp;lt;br \\\/&amp;gt;Iso: 1250&amp;lt;br \\\/&amp;gt;Orientation: 1&amp;lt;br \\\/&amp;gt;&quot;,&quot;filetype&quot;:&quot;JPG&quot;,&quot;filename&quot;:&quot;Y3Wassa1&quot;,&quot;image_url&quot;:&quot;\\\/Y3Wassa1.jpg?bwg=1647080982&quot;,&quot;thumb_url&quot;:&quot;\\\/thumb\\\/Y3Wassa1.jpg?bwg=1647080982&quot;,&quot;redirect_url&quot;:&quot;&quot;,&quot;date&quot;:&quot;2022-03-12 10:28:00&quot;,&quot;is_embed&quot;:false,&quot;is_embed_video&quot;:false,&quot;thumb_width&quot;:&quot;500&quot;,&quot;thumb_height&quot;:&quot;345&quot;},{&quot;id&quot;:&quot;59&quot;,&quot;alt&quot;:&quot;NQ4A0290&quot;,&quot;description&quot;:&quot;Aperture: 3&amp;lt;br \\\/&amp;gt;Camera: Canon EOS 5D Mark III&amp;lt;br \\\/&amp;gt;Iso: 1250&amp;lt;br \\\/&amp;gt;Orientation: 1&amp;lt;br \\\/&amp;gt;&quot;,&quot;filetype&quot;:&quot;JPG&quot;,&quot;filename&quot;:&quot;NQ4A0290&quot;,&quot;image_url&quot;:&quot;\\\/NQ4A0290.jpg?bwg=1647080982&quot;,&quot;thumb_url&quot;:&quot;\\\/thumb\\\/NQ4A0290.jpg?bwg=1647080982&quot;,&quot;redirect_url&quot;:&quot;&quot;,&quot;date&quot;:&quot;2022-03-12 10:28:30&quot;,&quot;is_embed&quot;:false,&quot;is_embed_video&quot;:false,&quot;thumb_width&quot;:&quot;500&quot;,&quot;thumb_height&quot;:&quot;333&quot;},{&quot;id&quot;:&quot;54&quot;,&quot;alt&quot;:&quot;Yelemani Trio 2014&quot;,&quot;description&quot;:&quot;Aperture: 4&amp;lt;br \\\/&amp;gt;Camera: Canon PowerShot G10&amp;lt;br \\\/&amp;gt;Iso: 80&amp;lt;br \\\/&amp;gt;Orientation: 1&amp;lt;br \\\/&amp;gt;&quot;,&quot;filetype&quot;:&quot;jpg&quot;,&quot;filename&quot;:&quot;Yelemani-Trio-2014&quot;,&quot;image_url&quot;:&quot;\\\/imported_from_media_libray\\\/Yelemani-Trio-2014.jpg?bwg=1647080819&quot;,&quot;thumb_url&quot;:&quot;\\\/imported_from_media_libray\\\/thumb\\\/Yelemani-Trio-2014.jpg?bwg=1647080819&quot;,&quot;redirect_url&quot;:&quot;&quot;,&quot;date&quot;:&quot;2022-03-12 10:26:33&quot;,&quot;is_embed&quot;:false,&quot;is_embed_video&quot;:false,&quot;image_width&quot;:&quot;1180&quot;,&quot;image_height&quot;:&quot;1200&quot;,&quot;thumb_width&quot;:&quot;492&quot;,&quot;thumb_height&quot;:&quot;500&quot;},{&quot;id&quot;:&quot;58&quot;,&quot;alt&quot;:&quot;NQ4A0151&quot;,&quot;description&quot;:&quot;Aperture: 3&amp;lt;br \\\/&amp;gt;Camera: Canon EOS 5D Mark III&amp;lt;br \\\/&amp;gt;Iso: 100&amp;lt;br \\\/&amp;gt;Orientation: 1&amp;lt;br \\\/&amp;gt;&quot;,&quot;filetype&quot;:&quot;JPG&quot;,&quot;filename&quot;:&quot;NQ4A0151&quot;,&quot;image_url&quot;:&quot;\\\/NQ4A0151.jpg?bwg=1647080982&quot;,&quot;thumb_url&quot;:&quot;\\\/thumb\\\/NQ4A0151.jpg?bwg=1647080982&quot;,&quot;redirect_url&quot;:&quot;&quot;,&quot;date&quot;:&quot;2022-03-12 10:28:29&quot;,&quot;is_embed&quot;:false,&quot;is_embed_video&quot;:false,&quot;thumb_width&quot;:&quot;500&quot;,&quot;thumb_height&quot;:&quot;333&quot;},{&quot;id&quot;:&quot;55&quot;,&quot;alt&quot;:&quot;Yelemani Trio Header&quot;,&quot;description&quot;:&quot;Aperture: 4&amp;lt;br \\\/&amp;gt;Camera: Canon PowerShot G10&amp;lt;br \\\/&amp;gt;Iso: 80&amp;lt;br \\\/&amp;gt;Orientation: 1&amp;lt;br \\\/&amp;gt;&quot;,&quot;filetype&quot;:&quot;jpg&quot;,&quot;filename&quot;:&quot;Yelemani-Trio-Header&quot;,&quot;image_url&quot;:&quot;\\\/imported_from_media_libray\\\/Yelemani-Trio-Header.jpg?bwg=1647080819&quot;,&quot;thumb_url&quot;:&quot;\\\/imported_from_media_libray\\\/thumb\\\/Yelemani-Trio-Header.jpg?bwg=1647080819&quot;,&quot;redirect_url&quot;:&quot;&quot;,&quot;date&quot;:&quot;2022-03-12 10:26:34&quot;,&quot;is_embed&quot;:false,&quot;is_embed_video&quot;:false,&quot;image_width&quot;:&quot;1200&quot;,&quot;image_height&quot;:&quot;584&quot;,&quot;thumb_width&quot;:&quot;500&quot;,&quot;thumb_height&quot;:&quot;243&quot;},{&quot;id&quot;:&quot;56&quot;,&quot;alt&quot;:&quot;De Centrale&quot;,&quot;description&quot;:&quot;Orientation: 1&amp;lt;br \\\/&amp;gt;&quot;,&quot;filetype&quot;:&quot;jpg&quot;,&quot;filename&quot;:&quot;De-Centrale&quot;,&quot;image_url&quot;:&quot;\\\/imported_from_media_libray\\\/De-Centrale.jpg?bwg=1647080819&quot;,&quot;thumb_url&quot;:&quot;\\\/imported_from_media_libray\\\/thumb\\\/De-Centrale.jpg?bwg=1647080819&quot;,&quot;redirect_url&quot;:&quot;&quot;,&quot;date&quot;:&quot;2022-03-12 10:26:34&quot;,&quot;is_embed&quot;:false,&quot;is_embed_video&quot;:false,&quot;image_width&quot;:&quot;279&quot;,&quot;image_height&quot;:&quot;397&quot;,&quot;thumb_width&quot;:&quot;351.38539042821&quot;,&quot;thumb_height&quot;:&quot;500&quot;},{&quot;id&quot;:&quot;61&quot;,&quot;alt&quot;:&quot;portret-2-wijzen-j-cnudde-2767&quot;,&quot;description&quot;:&quot;Aperture: 5&amp;lt;br \\\/&amp;gt;Camera: NIKON D5100&amp;lt;br \\\/&amp;gt;Iso: 400&amp;lt;br \\\/&amp;gt;&quot;,&quot;filetype&quot;:&quot;JPG&quot;,&quot;filename&quot;:&quot;portret-2-wijzen-j-cnudde-2767&quot;,&quot;image_url&quot;:&quot;\\\/portret-2-wijzen-j-cnudde-2767.jpg?bwg=1647084876&quot;,&quot;thumb_url&quot;:&quot;\\\/thumb\\\/portret-2-wijzen-j-cnudde-2767.jpg?bwg=1647084876&quot;,&quot;redirect_url&quot;:&quot;&quot;,&quot;date&quot;:&quot;2022-03-12 11:33:46&quot;,&quot;is_embed&quot;:false,&quot;is_embed_video&quot;:false,&quot;thumb_width&quot;:&quot;500&quot;,&quot;thumb_height&quot;:&quot;331&quot;}],&quot;width_or_height&quot;:&quot;width&quot;,&quot;filmstrip_thumb_margin_hor&quot;:2,&quot;left_or_top&quot;:&quot;left&quot;,&quot;outerWidth_or_outerHeight&quot;:&quot;outerWidth&quot;,&quot;enable_slideshow_shuffle&quot;:&quot;0&quot;,&quot;lightbox_filmstrip_thumb_border_width&quot;:&quot;1&quot;,&quot;thumb_click_action&quot;:&quot;open_lightbox&quot;,&quot;thumb_link_target&quot;:&quot;1&quot;,&quot;upload_url&quot;:&quot;https:\\\/\\\/www.chopstick.be\\\/vzw\\\/wp-content\\\/uploads\\\/photo-gallery&quot;,&quot;preload_images&quot;:&quot;1&quot;,&quot;slideshow_effect&quot;:&quot;fade&quot;,&quot;event_stack&quot;:&quot;&quot;,&quot;preload_images_count&quot;:10,&quot;image_width&quot;:&quot;600&quot;,&quot;image_height&quot;:&quot;400&quot;,&quot;thumb_width&quot;:&quot;250&quot;,&quot;thumb_height&quot;:&quot;140&quot;,&quot;filmstrip_direction&quot;:&quot;horizontal&quot;,&quot;slideshow_filmstrip_type&quot;:&quot;0&quot;,&quot;slideshow_thumbnails_count&quot;:&quot;5&quot;,&quot;slideshow_filmstrip_width&quot;:0,&quot;slideshow_filmstrip_height&quot;:0,&quot;slideshow_filmstrip_rl_btn_size&quot;:&quot;20&quot;,&quot;slideshow_play_pause_btn_size&quot;:&quot;35&quot;,&quot;watermark_type&quot;:&quot;90&quot;,&quot;watermark_height&quot;:&quot;90&quot;,&quot;watermark_font_size&quot;:&quot;20&quot;,&quot;slideshow_title_font_size&quot;:&quot;16&quot;,&quot;slideshow_description_font_size&quot;:&quot;14&quot;,&quot;bwg_playInterval&quot;:&quot;&quot;,&quot;slideshow_interval&quot;:2,&quot;image_right_click&quot;:&quot;0&quot;,&quot;enable_slideshow_autoplay&quot;:&quot;1&quot;,&quot;enable_slideshow_music&quot;:&quot;0&quot;,&quot;bwg_current_filmstrip_pos&quot;:0}'         data-filmstrip-position=\"bottom\"         data-filmstrip-size=\"0\">      <div class=\"bwg_slide_container_0\">        <div class=\"bwg_slide_bg_0\">          <div class=\"bwg_slider_0\">                            <span class=\"bwg_slideshow_image_spun_0\" id=\"image_id_0_57\">                    <span class=\"bwg_slideshow_image_spun1_0\">                      <span class=\"bwg_slideshow_image_spun2_0\">                                                  <a  class=\"bwg-a bwg_lightbox\" href=\"https:\/\/www.chopstick.be\/vzw\/wp-content\/uploads\/photo-gallery\/imported_from_media_libray\/NQ4A0249.jpg?bwg=1647080819\" data-image-id=\"57\" data-elementor-open-lightbox=\"no\">                          <img decoding=\"async\" id=\"bwg_slideshow_image_0\"                               class=\"skip-lazy bwg_slide bwg_slideshow_image_0 \"                               src=\"https:\/\/www.chopstick.be\/vzw\/wp-content\/uploads\/photo-gallery\/imported_from_media_libray\/NQ4A0249.jpg?bwg=1647080819\"                               data-src=\"https:\/\/www.chopstick.be\/vzw\/wp-content\/uploads\/photo-gallery\/imported_from_media_libray\/NQ4A0249.jpg?bwg=1647080819\"                               image_id=\"57\"                               alt=\"NQ4A0249\" \/>                          <\/a>                                                <\/span>                    <\/span>                  <\/span>                <span class=\"bwg_slideshow_image_second_spun_0\">                  <\/span>                <input type=\"hidden\" id=\"bwg_current_image_key_0\" value=\"0\" \/>                          <\/div>        <\/div>      <\/div>          <\/div>      <\/div>            <\/div>        <\/form>        <style>          #bwg_container1_0 #bwg_container2_0 #spider_popup_overlay_0 {          background-color: #EEEEEE;          opacity: 0.60;          }          <\/style>        <div id=\"bwg_spider_popup_loading_0\" class=\"bwg_spider_popup_loading\"><\/div>        <div id=\"spider_popup_overlay_0\" class=\"spider_popup_overlay\" onclick=\"spider_destroypopup(1000)\"><\/div>        <input type=\"hidden\" id=\"bwg_random_seed_0\" value=\"1962491333\">                <\/div>    <\/div>    <script>      if (document.readyState === 'complete') {        if( typeof bwg_main_ready == 'function' ) {          if ( jQuery(\"#bwg_container1_0\").height() ) {            bwg_main_ready(jQuery(\"#bwg_container1_0\"));          }        }      } else {        document.addEventListener('DOMContentLoaded', function() {          if( typeof bwg_main_ready == 'function' ) {            if ( jQuery(\"#bwg_container1_0\").height() ) {             bwg_main_ready(jQuery(\"#bwg_container1_0\"));            }          }        });      }    <\/script>    <\/p>\n<p>Yelemani Trio (Burkinees voor \u2018verandering\u2019) wordt gevormd door Moussa Dembele, Mathias Van de Wiele en Giovanni Barcella, met respectievelijk roots in Burkina Faso, Belgi\u00eb en Itali\u00eb. De band ontstond in maart 2014 vanuit een gemeenschappelijke liefde voor Afrikaanse en ge\u00efmproviseerde muziek. Hun muziek put uit verscheidene Burkinese tradities, maar ook uit Jazz, impro, rock, psychedelica en elektronische muziek. Resultaat: een exotisch klankavontuur waar dialoog, creatie en positieve energie centraal staan.<\/p>\n<p>Deze muzikanten verdienden reeds hun sporen bij allerlei top projecten zoals: Banquets Nomades, Moker, BackBack, Charles Gayle Trio, Va Fan Fahre\u2026<\/p>\n<p>Samen verweven ze balafoon, kora, gitaar, drums, althoorn, tama, electronics en zang tot een boeiende reis over grenzen van tijd en ruimte, meestal met z\u2019n drie\u00ebn, alsook geregeld met gastartiesten zoals Wassa Kouyat\u00e9 (zang, kora &#8211; Mali), Luc Sanou (hedendaagse Afrikaanse dans &#8211; Burkina Faso),\u2026<\/p>\n<h3>Moussa Demb\u00e9l\u00e9 (BF) &#8211; balafon, djemb\u00e9, kora, n&#8217;goni, tama, bara<br \/>\nMathias Van de Wiele (B) &#8211; guitar, alto horn<br \/>\nGiovanni Barcella (I) &#8211; drums, electronics<\/h3>\n<p>Bamannaya<\/p>\n<audio class=\"wp-audio-shortcode\" id=\"audio-1879-1\" autoplay preload=\"none\" style=\"width: 100%;\" controls=\"controls\"><source type=\"audio\/mpeg\" src=\"https:\/\/www.chopstick.be\/vzw\/wp-content\/uploads\/2022\/05\/Bamannaya.mp3?_=1\" \/><a href=\"https:\/\/www.chopstick.be\/vzw\/wp-content\/uploads\/2022\/05\/Bamannaya.mp3\">https:\/\/www.chopstick.be\/vzw\/wp-content\/uploads\/2022\/05\/Bamannaya.mp3<\/a><\/audio>\n<p>Yelemani<\/p>\n<audio class=\"wp-audio-shortcode\" id=\"audio-1879-2\" preload=\"metadata\" style=\"width: 100%;\" controls=\"controls\"><source type=\"audio\/mpeg\" src=\"https:\/\/www.chopstick.be\/vzw\/wp-content\/uploads\/2014\/06\/Yelemani.mp3?_=2\" \/><a href=\"https:\/\/www.chopstick.be\/vzw\/wp-content\/uploads\/2014\/06\/Yelemani.mp3\">https:\/\/www.chopstick.be\/vzw\/wp-content\/uploads\/2014\/06\/Yelemani.mp3<\/a><\/audio>\n<p>Ebi<\/p>\n<audio class=\"wp-audio-shortcode\" id=\"audio-1879-3\" preload=\"none\" style=\"width: 100%;\" controls=\"controls\"><source type=\"audio\/mpeg\" src=\"https:\/\/www.chopstick.be\/vzw\/wp-content\/uploads\/2014\/06\/Ebi.mp3?_=3\" \/><a href=\"https:\/\/www.chopstick.be\/vzw\/wp-content\/uploads\/2014\/06\/Ebi.mp3\">https:\/\/www.chopstick.be\/vzw\/wp-content\/uploads\/2014\/06\/Ebi.mp3<\/a><\/audio>\n<p>Koradouga<\/p>\n<audio class=\"wp-audio-shortcode\" id=\"audio-1879-4\" preload=\"none\" style=\"width: 100%;\" controls=\"controls\"><source type=\"audio\/mpeg\" src=\"https:\/\/www.chopstick.be\/vzw\/wp-content\/uploads\/2014\/06\/Koradouga.mp3?_=4\" \/><a href=\"https:\/\/www.chopstick.be\/vzw\/wp-content\/uploads\/2014\/06\/Koradouga.mp3\">https:\/\/www.chopstick.be\/vzw\/wp-content\/uploads\/2014\/06\/Koradouga.mp3<\/a><\/audio>\n<p>Bondonqu<\/p>\n<audio class=\"wp-audio-shortcode\" id=\"audio-1879-5\" preload=\"none\" style=\"width: 100%;\" controls=\"controls\"><source type=\"audio\/mpeg\" src=\"https:\/\/www.chopstick.be\/vzw\/wp-content\/uploads\/2014\/06\/Bondonqu.mp3?_=5\" \/><a href=\"https:\/\/www.chopstick.be\/vzw\/wp-content\/uploads\/2014\/06\/Bondonqu.mp3\">https:\/\/www.chopstick.be\/vzw\/wp-content\/uploads\/2014\/06\/Bondonqu.mp3<\/a><\/audio>\n<p>Compositions by Yelemani Trio<\/p>\n<p>&nbsp;<\/p>\n<p><iframe loading=\"lazy\" src=\"https:\/\/www.youtube.com\/embed\/HlpWncRWHx8\" allowfullscreen=\"allowfullscreen\" width=\"560\" height=\"315\" frameborder=\"0\"><\/iframe><\/p>\n<p><iframe loading=\"lazy\" src=\"https:\/\/www.youtube.com\/embed\/i-eFNELhaWE\" allowfullscreen=\"allowfullscreen\" width=\"560\" height=\"315\" frameborder=\"0\"><\/iframe><\/p>\n<pre><iframe loading=\"lazy\" src=\"https:\/\/www.youtube.com\/embed\/9ZjUTYk5XCo\" allowfullscreen=\"allowfullscreen\" width=\"560\" height=\"315\" frameborder=\"0\"><span data-mce-type=\"bookmark\" class=\"mce_SELRES_start\">\ufeff<\/span><\/iframe><\/pre>\n<p><\/p>","protected":false},"excerpt":{"rendered":"<p>Yelemani Trio (Burkinees voor \u2018verandering\u2019) wordt gevormd door Moussa Dembele, Mathias Van de Wiele en Giovanni Barcella, met respectievelijk roots in Burkina Faso, Belgi\u00eb en Itali\u00eb. De band ontstond in maart 2014 vanuit een gemeenschappelijke liefde voor Afrikaanse en ge\u00efmproviseerde muziek. Hun muziek put uit verscheidene Burkinese tradities, maar ook uit Jazz, impro, rock, psychedelica [&hellip;]<\/p>\n","protected":false},"author":2,"featured_media":0,"parent":0,"menu_order":0,"comment_status":"open","ping_status":"open","template":"","meta":{"footnotes":""},"class_list":["post-1879","page","type-page","status-publish","hentry"],"_links":{"self":[{"href":"https:\/\/www.chopstick.be\/vzw\/nl\/wp-json\/wp\/v2\/pages\/1879","targetHints":{"allow":["GET"]}}],"collection":[{"href":"https:\/\/www.chopstick.be\/vzw\/nl\/wp-json\/wp\/v2\/pages"}],"about":[{"href":"https:\/\/www.chopstick.be\/vzw\/nl\/wp-json\/wp\/v2\/types\/page"}],"author":[{"embeddable":true,"href":"https:\/\/www.chopstick.be\/vzw\/nl\/wp-json\/wp\/v2\/users\/2"}],"replies":[{"embeddable":true,"href":"https:\/\/www.chopstick.be\/vzw\/nl\/wp-json\/wp\/v2\/comments?post=1879"}],"version-history":[{"count":211,"href":"https:\/\/www.chopstick.be\/vzw\/nl\/wp-json\/wp\/v2\/pages\/1879\/revisions"}],"predecessor-version":[{"id":3632,"href":"https:\/\/www.chopstick.be\/vzw\/nl\/wp-json\/wp\/v2\/pages\/1879\/revisions\/3632"}],"wp:attachment":[{"href":"https:\/\/www.chopstick.be\/vzw\/nl\/wp-json\/wp\/v2\/media?parent=1879"}],"curies":[{"name":"wp","href":"https:\/\/api.w.org\/{rel}","templated":true}]}}